{"id":281,"date":"2015-01-23T11:33:13","date_gmt":"2015-01-23T10:33:13","guid":{"rendered":"https:\/\/lazeta.textalia.eu\/?page_id=281"},"modified":"2021-02-16T11:13:53","modified_gmt":"2021-02-16T10:13:53","slug":"spannend-kinderboek","status":"publish","type":"page","link":"https:\/\/lazeta.textalia.eu\/index.php\/spannend-kinderboek\/","title":{"rendered":"De moord in de kleedkamer"},"content":{"rendered":"\n<blockquote class=\"wp-block-quote is-style-large is-layout-flow wp-block-quote-is-layout-flow\"><p>Ik heb ze alle twee in \u00e9\u00e9n keer uitgelezen!<br>  &#8211; Sterre, 11 jaar<\/p><\/blockquote>\n\n\n\n<h2 class=\"wp-block-heading\">&nbsp;Detective voor de jeugd<\/h2>\n\n\n<p><strong>Wil jij liever \u00e9chte detectives lezen dan speurboeken voor kinderen? Dan is Inspecteur Sarti iets voor jou!<\/strong><em> De moord in de kleedkamer<\/em> is een superleuk detectiveboek voor kinderen vanaf 12 jaar, met vaart, spanning en humor.<br>Let op: als je eraan begint, kun je niet meer stoppen met lezen!<\/p>\n\n\n<hr class=\"wp-block-separator\"\/>\n\n\n\n<p>Inspecteur Antonio Sarti is eerlijk en vasthoudend, maar niet bijster geschikt voor het detectivewerk. Hij moet heel wat kopjes koffie drinken om bij de les te blijven. Om zijn zaken op te lossen, heeft hij hard de hulp nodig van de jonge Spriet, en van zijn werkloze, maar slimme vriend Rosas.<\/p>\n\n\n\n<div class=\"wp-block-columns is-layout-flex wp-container-core-columns-is-layout-28f84493 wp-block-columns-is-layout-flex\">\n<div class=\"wp-block-column is-layout-flow wp-block-column-is-layout-flow\">\n<figure class=\"wp-block-image size-large is-resized\"><a href=\"http:\/\/issuu.com\/dorettezwaans\/docs\/inspecteur_sarti_de_moord_in_de_kle\"><img loading=\"lazy\" decoding=\"async\" src=\"https:\/\/lazeta.textalia.eu\/wp-content\/uploads\/2015\/04\/Cover_boek-01-645x1024.jpg\" alt=\"Detectiveboek jeugdboek\" class=\"wp-image-503\" width=\"176\" height=\"279\" srcset=\"https:\/\/lazeta.textalia.eu\/wp-content\/uploads\/2015\/04\/Cover_boek-01-645x1024.jpg 645w, https:\/\/lazeta.textalia.eu\/wp-content\/uploads\/2015\/04\/Cover_boek-01-416x660.jpg 416w, https:\/\/lazeta.textalia.eu\/wp-content\/uploads\/2015\/04\/Cover_boek-01-189x300.jpg 189w, https:\/\/lazeta.textalia.eu\/wp-content\/uploads\/2015\/04\/Cover_boek-01-100x159.jpg 100w, https:\/\/lazeta.textalia.eu\/wp-content\/uploads\/2015\/04\/Cover_boek-01-150x238.jpg 150w, https:\/\/lazeta.textalia.eu\/wp-content\/uploads\/2015\/04\/Cover_boek-01-200x318.jpg 200w, https:\/\/lazeta.textalia.eu\/wp-content\/uploads\/2015\/04\/Cover_boek-01-300x476.jpg 300w, https:\/\/lazeta.textalia.eu\/wp-content\/uploads\/2015\/04\/Cover_boek-01-450x714.jpg 450w, https:\/\/lazeta.textalia.eu\/wp-content\/uploads\/2015\/04\/Cover_boek-01-600x953.jpg 600w, https:\/\/lazeta.textalia.eu\/wp-content\/uploads\/2015\/04\/Cover_boek-01.jpg 800w\" sizes=\"auto, (max-width: 176px) 100vw, 176px\" \/><\/a><figcaption>De moord in de kleedkamer ISBN 9789492197016<\/figcaption><\/figure>\n\n\n\n<h2 class=\"wp-block-heading\"><a href=\"https:\/\/lazeta.textalia.eu\/index.php\/recensies\/\" target=\"_blank\" rel=\"noreferrer noopener\" aria-label=\"Recensies (opent in een nieuwe tab)\">Recensies<\/a><\/h2>\n<\/div>\n\n\n\n<div class=\"wp-block-column is-layout-flow wp-block-column-is-layout-flow\">\n<p>In dit spannende deel gaat Antonio Sarti op zoek naar de moordenaar van sterhonkballer Rocco McLaw. Op een rustige zondagmiddag wordt de speler dood in de kleedkamer gevonden. In plaats van van de wedstrijd te genieten, moet inspecteur Sarti ineens aan het werk. Hij staat voor raadsels: iedereen lijkt verdacht, niemand heeft een alibi, niets klopt. Als dan ook nog de jonge Spriet vermist wordt en inspecteur Sarti voor zijn leven vreest, dringt de tijd om de zaak op te lossen. Als dat maar lukt \u2026<\/p>\n\n\n\n<div class=\"wp-block-buttons is-layout-flex wp-block-buttons-is-layout-flex\">\n<div class=\"wp-block-button\"><a class=\"wp-block-button__link has-very-light-gray-color has-vivid-cyan-blue-background-color has-text-color has-background\" href=\"https:\/\/lazeta.textalia.eu\/index.php\/product\/inspecteur-sarti-de-moord-in-de-kleedkamer\/\">In winkelmand<\/a><\/div>\n<\/div>\n<\/div>\n<\/div>\n\n\n\n<ul class=\"wp-block-list\"><li>Auteur: Loriano Macchiavelli<\/li><li>Leeftijd: 12+<\/li><li>Afmetingen: 13,5 x 21 cm<\/li><li>Bindwijze: Hardcover<\/li><li>Pagina\u2019s: 136<\/li><li>Thema\u2019s: misdaad, spanning, humor<\/li><li>ISBN: 978-94-92197-01-6<\/li><\/ul>\n\n\n\n<p class=\"has-vivid-red-color has-text-color\"><strong>Opruimprijs: \u20ac 3,50<\/strong><\/p>\n\n\n\n<h2 class=\"wp-block-heading\"><strong>Over de auteur<\/strong><\/h2>\n\n\n\n<p>Loriano Macchiavelli is een schrijver uit Itali\u00eb die veel politieromans en detectives heeft geschreven. Hij is superbekend in Itali\u00eb. Zijn meest succesvolle personage is Inspecteur Sarti, Antonio Sarti. Er is zelfs een tv-serie gemaakt over de belevenissen van de inspecteur. Over Inspecteur Sarti schreef Loriano Macchiavelli ook drie spannende en grappige kinderboeken. Er zijn ook boeken van Loriano Macchiavelli voor volwassenen in het Nederlands.<\/p>\n\n\n\n<div class=\"wp-block-columns is-layout-flex wp-container-core-columns-is-layout-28f84493 wp-block-columns-is-layout-flex\">\n<div class=\"wp-block-column is-layout-flow wp-block-column-is-layout-flow\">\n<figure class=\"wp-block-embed alignleft is-type-video is-provider-youtube wp-block-embed-youtube wp-embed-aspect-16-9 wp-has-aspect-ratio\"><div class=\"wp-block-embed__wrapper\">\n<iframe loading=\"lazy\" title=\"Boektrailer Sarti kleedkamermoord\" width=\"980\" height=\"551\" src=\"https:\/\/www.youtube.com\/embed\/p9gVc2XQmLA?feature=oembed\" frameborder=\"0\" allow=\"accelerometer; autoplay; clipboard-write; encrypted-media; gyroscope; picture-in-picture\" allowfullscreen><\/iframe>\n<\/div><\/figure>\n<\/div>\n\n\n\n<div class=\"wp-block-column is-layout-flow wp-block-column-is-layout-flow\">\n<figure class=\"wp-block-image size-large is-resized\"><img loading=\"lazy\" decoding=\"async\" src=\"https:\/\/lazeta.textalia.eu\/wp-content\/uploads\/2019\/05\/Kleedkamer.png\" alt=\"\" class=\"wp-image-798\" width=\"215\" height=\"198\" srcset=\"https:\/\/lazeta.textalia.eu\/wp-content\/uploads\/2019\/05\/Kleedkamer.png 1500w, https:\/\/lazeta.textalia.eu\/wp-content\/uploads\/2019\/05\/Kleedkamer-416x384.png 416w\" sizes=\"auto, (max-width: 215px) 100vw, 215px\" \/><figcaption><a rel=\"noreferrer noopener\" href=\"http:\/\/issuu.com\/dorettezwaans\/docs\/inspecteur_sarti_de_moord_in_de_kle\" target=\"_blank\">Kijk in het boek<\/a><\/figcaption><\/figure>\n<\/div>\n<\/div>\n<div style=\"padding-bottom:20px; padding-top:10px;\" class=\"hupso-share-buttons\"><!-- Hupso Share Buttons - https:\/\/www.hupso.com\/share\/ --><a class=\"hupso_toolbar\" href=\"https:\/\/www.hupso.com\/share\/\"><img decoding=\"async\" src=\"https:\/\/static.hupso.com\/share\/buttons\/lang\/nl\/share-small.png\" style=\"border:0px; padding-top: 5px; float:left;\" alt=\"Share Button\"\/><\/a><script type=\"text\/javascript\">var hupso_services_t=new Array(\"Twitter\",\"Facebook\",\"Google Plus\",\"Linkedin\",\"Email\");var hupso_background_t=\"#EAF4FF\";var hupso_border_t=\"#66CCFF\";var hupso_toolbar_size_t=\"small\";var hupso_image_folder_url = \"\";var hupso_twitter_via=\"Lazeta_boeken\";var hupso_url_t=\"\";var hupso_title_t=\"De%20moord%20in%20de%20kleedkamer\";<\/script><script type=\"text\/javascript\" src=\"https:\/\/static.hupso.com\/share\/js\/share_toolbar.js\"><\/script><!-- Hupso Share Buttons --><\/div>","protected":false},"excerpt":{"rendered":"<p>Ik heb ze alle twee in \u00e9\u00e9n keer uitgelezen! &#8211; Sterre, 11 jaar &nbsp;Detective voor de jeugd Wil jij liever \u00e9chte detectives lezen dan speurboeken voor kinderen? Dan is Inspecteur Sarti iets voor jou! De moord in de kleedkamer is een superleuk detectiveboek voor kinderen vanaf 12 jaar, met vaart, spanning en humor.Let op: als [&hellip;]<\/p>\n","protected":false},"author":1,"featured_media":0,"parent":0,"menu_order":0,"comment_status":"closed","ping_status":"closed","template":"","meta":{"_monsterinsights_skip_tracking":false,"_monsterinsights_sitenote_active":false,"_monsterinsights_sitenote_note":"","_monsterinsights_sitenote_category":0,"footnotes":""},"class_list":["post-281","page","type-page","status-publish","hentry"],"yoast_head":"<!-- This site is optimized with the Yoast SEO plugin v27.6 - https:\/\/yoast.com\/product\/yoast-seo-wordpress\/ -->\n<title>Spannend kinderboek - De moord in de kleedkamer<\/title>\n<meta name=\"description\" content=\"De moord in de kleedkamer is een super spannend kinderboek met ook veel humor, voor kinderen vanaf 10 jaar.\" \/>\n<meta name=\"robots\" content=\"index, follow, max-snippet:-1, max-image-preview:large, max-video-preview:-1\" \/>\n<link rel=\"canonical\" href=\"https:\/\/lazeta.textalia.eu\/index.php\/spannend-kinderboek\/\" \/>\n<meta property=\"og:locale\" content=\"nl_NL\" \/>\n<meta property=\"og:type\" content=\"article\" \/>\n<meta property=\"og:title\" content=\"Spannend kinderboek - De moord in de kleedkamer\" \/>\n<meta property=\"og:description\" content=\"De moord in de kleedkamer is een super spannend kinderboek met ook veel humor, voor kinderen vanaf 10 jaar.\" \/>\n<meta property=\"og:url\" content=\"https:\/\/lazeta.textalia.eu\/index.php\/spannend-kinderboek\/\" \/>\n<meta property=\"og:site_name\" content=\"La zeta\" \/>\n<meta property=\"article:publisher\" content=\"https:\/\/www.facebook.com\/Lazeta.nl\/\" \/>\n<meta property=\"article:modified_time\" content=\"2021-02-16T10:13:53+00:00\" \/>\n<meta property=\"og:image\" content=\"https:\/\/lazeta.textalia.eu\/wp-content\/uploads\/2015\/04\/Cover_boek-01-645x1024.jpg\" \/>\n<meta name=\"twitter:label1\" content=\"Geschatte leestijd\" \/>\n\t<meta name=\"twitter:data1\" content=\"2 minuten\" \/>\n<script type=\"application\/ld+json\" class=\"yoast-schema-graph\">{\"@context\":\"https:\\\/\\\/schema.org\",\"@graph\":[{\"@type\":\"WebPage\",\"@id\":\"https:\\\/\\\/lazeta.textalia.eu\\\/index.php\\\/spannend-kinderboek\\\/\",\"url\":\"https:\\\/\\\/lazeta.textalia.eu\\\/index.php\\\/spannend-kinderboek\\\/\",\"name\":\"Spannend kinderboek - De moord in de kleedkamer\",\"isPartOf\":{\"@id\":\"https:\\\/\\\/lazeta.textalia.eu\\\/#website\"},\"primaryImageOfPage\":{\"@id\":\"https:\\\/\\\/lazeta.textalia.eu\\\/index.php\\\/spannend-kinderboek\\\/#primaryimage\"},\"image\":{\"@id\":\"https:\\\/\\\/lazeta.textalia.eu\\\/index.php\\\/spannend-kinderboek\\\/#primaryimage\"},\"thumbnailUrl\":\"https:\\\/\\\/lazeta.textalia.eu\\\/wp-content\\\/uploads\\\/2015\\\/04\\\/Cover_boek-01-645x1024.jpg\",\"datePublished\":\"2015-01-23T10:33:13+00:00\",\"dateModified\":\"2021-02-16T10:13:53+00:00\",\"description\":\"De moord in de kleedkamer is een super spannend kinderboek met ook veel humor, voor kinderen vanaf 10 jaar.\",\"breadcrumb\":{\"@id\":\"https:\\\/\\\/lazeta.textalia.eu\\\/index.php\\\/spannend-kinderboek\\\/#breadcrumb\"},\"inLanguage\":\"nl-NL\",\"potentialAction\":[{\"@type\":\"ReadAction\",\"target\":[\"https:\\\/\\\/lazeta.textalia.eu\\\/index.php\\\/spannend-kinderboek\\\/\"]}]},{\"@type\":\"ImageObject\",\"inLanguage\":\"nl-NL\",\"@id\":\"https:\\\/\\\/lazeta.textalia.eu\\\/index.php\\\/spannend-kinderboek\\\/#primaryimage\",\"url\":\"https:\\\/\\\/lazeta.textalia.eu\\\/wp-content\\\/uploads\\\/2015\\\/04\\\/Cover_boek-01.jpg\",\"contentUrl\":\"https:\\\/\\\/lazeta.textalia.eu\\\/wp-content\\\/uploads\\\/2015\\\/04\\\/Cover_boek-01.jpg\",\"width\":800,\"height\":1270,\"caption\":\"Inspecteur Sarti, De moord in de kleedkamer ISBN 9789492197016\"},{\"@type\":\"BreadcrumbList\",\"@id\":\"https:\\\/\\\/lazeta.textalia.eu\\\/index.php\\\/spannend-kinderboek\\\/#breadcrumb\",\"itemListElement\":[{\"@type\":\"ListItem\",\"position\":1,\"name\":\"Home\",\"item\":\"https:\\\/\\\/lazeta.textalia.eu\\\/\"},{\"@type\":\"ListItem\",\"position\":2,\"name\":\"De moord in de kleedkamer\"}]},{\"@type\":\"WebSite\",\"@id\":\"https:\\\/\\\/lazeta.textalia.eu\\\/#website\",\"url\":\"https:\\\/\\\/lazeta.textalia.eu\\\/\",\"name\":\"La zeta Kinderboeken\",\"description\":\"Uitgeverij van kinder- en jeugdboeken\",\"publisher\":{\"@id\":\"https:\\\/\\\/lazeta.textalia.eu\\\/#organization\"},\"potentialAction\":[{\"@type\":\"SearchAction\",\"target\":{\"@type\":\"EntryPoint\",\"urlTemplate\":\"https:\\\/\\\/lazeta.textalia.eu\\\/?s={search_term_string}\"},\"query-input\":{\"@type\":\"PropertyValueSpecification\",\"valueRequired\":true,\"valueName\":\"search_term_string\"}}],\"inLanguage\":\"nl-NL\"},{\"@type\":\"Organization\",\"@id\":\"https:\\\/\\\/lazeta.textalia.eu\\\/#organization\",\"name\":\"La zeta\",\"url\":\"https:\\\/\\\/lazeta.textalia.eu\\\/\",\"logo\":{\"@type\":\"ImageObject\",\"inLanguage\":\"nl-NL\",\"@id\":\"https:\\\/\\\/lazeta.textalia.eu\\\/#\\\/schema\\\/logo\\\/image\\\/\",\"url\":\"https:\\\/\\\/lazeta.textalia.eu\\\/wp-content\\\/uploads\\\/2020\\\/05\\\/lazeta_logo_blauw_klein1.png\",\"contentUrl\":\"https:\\\/\\\/lazeta.textalia.eu\\\/wp-content\\\/uploads\\\/2020\\\/05\\\/lazeta_logo_blauw_klein1.png\",\"width\":300,\"height\":88,\"caption\":\"La zeta\"},\"image\":{\"@id\":\"https:\\\/\\\/lazeta.textalia.eu\\\/#\\\/schema\\\/logo\\\/image\\\/\"},\"sameAs\":[\"https:\\\/\\\/www.facebook.com\\\/Lazeta.nl\\\/\",\"https:\\\/\\\/x.com\\\/Lazeta_boeken\",\"https:\\\/\\\/www.instagram.com\\\/lazeta_boeken\",\"https:\\\/\\\/www.youtube.com\\\/channel\\\/UCNDMxXwdIRvKHYth4YBVMvg\"]}]}<\/script>\n<!-- \/ Yoast SEO plugin. -->","yoast_head_json":{"title":"Spannend kinderboek - De moord in de kleedkamer","description":"De moord in de kleedkamer is een super spannend kinderboek met ook veel humor, voor kinderen vanaf 10 jaar.","robots":{"index":"index","follow":"follow","max-snippet":"max-snippet:-1","max-image-preview":"max-image-preview:large","max-video-preview":"max-video-preview:-1"},"canonical":"https:\/\/lazeta.textalia.eu\/index.php\/spannend-kinderboek\/","og_locale":"nl_NL","og_type":"article","og_title":"Spannend kinderboek - De moord in de kleedkamer","og_description":"De moord in de kleedkamer is een super spannend kinderboek met ook veel humor, voor kinderen vanaf 10 jaar.","og_url":"https:\/\/lazeta.textalia.eu\/index.php\/spannend-kinderboek\/","og_site_name":"La zeta","article_publisher":"https:\/\/www.facebook.com\/Lazeta.nl\/","article_modified_time":"2021-02-16T10:13:53+00:00","og_image":[{"url":"https:\/\/lazeta.textalia.eu\/wp-content\/uploads\/2015\/04\/Cover_boek-01-645x1024.jpg","type":"","width":"","height":""}],"twitter_misc":{"Geschatte leestijd":"2 minuten"},"schema":{"@context":"https:\/\/schema.org","@graph":[{"@type":"WebPage","@id":"https:\/\/lazeta.textalia.eu\/index.php\/spannend-kinderboek\/","url":"https:\/\/lazeta.textalia.eu\/index.php\/spannend-kinderboek\/","name":"Spannend kinderboek - De moord in de kleedkamer","isPartOf":{"@id":"https:\/\/lazeta.textalia.eu\/#website"},"primaryImageOfPage":{"@id":"https:\/\/lazeta.textalia.eu\/index.php\/spannend-kinderboek\/#primaryimage"},"image":{"@id":"https:\/\/lazeta.textalia.eu\/index.php\/spannend-kinderboek\/#primaryimage"},"thumbnailUrl":"https:\/\/lazeta.textalia.eu\/wp-content\/uploads\/2015\/04\/Cover_boek-01-645x1024.jpg","datePublished":"2015-01-23T10:33:13+00:00","dateModified":"2021-02-16T10:13:53+00:00","description":"De moord in de kleedkamer is een super spannend kinderboek met ook veel humor, voor kinderen vanaf 10 jaar.","breadcrumb":{"@id":"https:\/\/lazeta.textalia.eu\/index.php\/spannend-kinderboek\/#breadcrumb"},"inLanguage":"nl-NL","potentialAction":[{"@type":"ReadAction","target":["https:\/\/lazeta.textalia.eu\/index.php\/spannend-kinderboek\/"]}]},{"@type":"ImageObject","inLanguage":"nl-NL","@id":"https:\/\/lazeta.textalia.eu\/index.php\/spannend-kinderboek\/#primaryimage","url":"https:\/\/lazeta.textalia.eu\/wp-content\/uploads\/2015\/04\/Cover_boek-01.jpg","contentUrl":"https:\/\/lazeta.textalia.eu\/wp-content\/uploads\/2015\/04\/Cover_boek-01.jpg","width":800,"height":1270,"caption":"Inspecteur Sarti, De moord in de kleedkamer ISBN 9789492197016"},{"@type":"BreadcrumbList","@id":"https:\/\/lazeta.textalia.eu\/index.php\/spannend-kinderboek\/#breadcrumb","itemListElement":[{"@type":"ListItem","position":1,"name":"Home","item":"https:\/\/lazeta.textalia.eu\/"},{"@type":"ListItem","position":2,"name":"De moord in de kleedkamer"}]},{"@type":"WebSite","@id":"https:\/\/lazeta.textalia.eu\/#website","url":"https:\/\/lazeta.textalia.eu\/","name":"La zeta Kinderboeken","description":"Uitgeverij van kinder- en jeugdboeken","publisher":{"@id":"https:\/\/lazeta.textalia.eu\/#organization"},"potentialAction":[{"@type":"SearchAction","target":{"@type":"EntryPoint","urlTemplate":"https:\/\/lazeta.textalia.eu\/?s={search_term_string}"},"query-input":{"@type":"PropertyValueSpecification","valueRequired":true,"valueName":"search_term_string"}}],"inLanguage":"nl-NL"},{"@type":"Organization","@id":"https:\/\/lazeta.textalia.eu\/#organization","name":"La zeta","url":"https:\/\/lazeta.textalia.eu\/","logo":{"@type":"ImageObject","inLanguage":"nl-NL","@id":"https:\/\/lazeta.textalia.eu\/#\/schema\/logo\/image\/","url":"https:\/\/lazeta.textalia.eu\/wp-content\/uploads\/2020\/05\/lazeta_logo_blauw_klein1.png","contentUrl":"https:\/\/lazeta.textalia.eu\/wp-content\/uploads\/2020\/05\/lazeta_logo_blauw_klein1.png","width":300,"height":88,"caption":"La zeta"},"image":{"@id":"https:\/\/lazeta.textalia.eu\/#\/schema\/logo\/image\/"},"sameAs":["https:\/\/www.facebook.com\/Lazeta.nl\/","https:\/\/x.com\/Lazeta_boeken","https:\/\/www.instagram.com\/lazeta_boeken","https:\/\/www.youtube.com\/channel\/UCNDMxXwdIRvKHYth4YBVMvg"]}]}},"jetpack_sharing_enabled":true,"_links":{"self":[{"href":"https:\/\/lazeta.textalia.eu\/index.php\/wp-json\/wp\/v2\/pages\/281","targetHints":{"allow":["GET"]}}],"collection":[{"href":"https:\/\/lazeta.textalia.eu\/index.php\/wp-json\/wp\/v2\/pages"}],"about":[{"href":"https:\/\/lazeta.textalia.eu\/index.php\/wp-json\/wp\/v2\/types\/page"}],"author":[{"embeddable":true,"href":"https:\/\/lazeta.textalia.eu\/index.php\/wp-json\/wp\/v2\/users\/1"}],"replies":[{"embeddable":true,"href":"https:\/\/lazeta.textalia.eu\/index.php\/wp-json\/wp\/v2\/comments?post=281"}],"version-history":[{"count":41,"href":"https:\/\/lazeta.textalia.eu\/index.php\/wp-json\/wp\/v2\/pages\/281\/revisions"}],"predecessor-version":[{"id":1654,"href":"https:\/\/lazeta.textalia.eu\/index.php\/wp-json\/wp\/v2\/pages\/281\/revisions\/1654"}],"wp:attachment":[{"href":"https:\/\/lazeta.textalia.eu\/index.php\/wp-json\/wp\/v2\/media?parent=281"}],"curies":[{"name":"wp","href":"https:\/\/api.w.org\/{rel}","templated":true}]}}