{"id":1865,"date":"2022-12-07T15:53:35","date_gmt":"2022-12-07T14:53:35","guid":{"rendered":"https:\/\/lazeta.textalia.eu\/?post_type=product&#038;p=1865"},"modified":"2022-12-07T16:02:21","modified_gmt":"2022-12-07T15:02:21","slug":"doorlopen","status":"publish","type":"product","link":"https:\/\/lazeta.textalia.eu\/index.php\/product\/doorlopen\/","title":{"rendered":"Doorlopen"},"content":{"rendered":"<p>Twee jongeren, Sal\u00ecm en Fatma. Twee verhalen.<br \/>\nBeiden zijn ze op weg naar een nieuwe toekomst, \u2019s nachts, te voet, door de woestijn van Syri\u00eb. Beiden zijn ze vertrokken vanuit een oorlog waarvoor ze niet-gekozen hebben. Ieder met zijn eigen motieven, vragen en hoop.<\/p>\n<p>Dit is een verhaal voor iedereen die op weg is.<\/p>\n<blockquote><p>Een meerstemmig lied op de tonen van de Islam.<br \/>\n<em>Farid Adly, schrijver en journalist<\/em><\/p><\/blockquote>\n<ul>\n<li>Leeftijd: 12+<\/li>\n<li>Afmetingen: 14 x 21 cm<\/li>\n<li>Bindwijze: Paperback met flappen<\/li>\n<li>Bladzijden: 160<\/li>\n<li>Thema: oorlog, vluchten, literatuur, filosofie<\/li>\n<li>ISBN: 9789492197054<\/li>\n<\/ul>\n<p><a href=\"https:\/\/lazeta.textalia.eu\/index.php\/doorlopen\/\">Meer informatie&#8230;<\/a><\/p>\n<div id=\"malwarebytes-root\"><\/div>\n<div style=\"padding-bottom:20px; padding-top:10px;\" class=\"hupso-share-buttons\"><!-- Hupso Share Buttons - https:\/\/www.hupso.com\/share\/ --><a class=\"hupso_toolbar\" href=\"https:\/\/www.hupso.com\/share\/\"><img decoding=\"async\" src=\"https:\/\/static.hupso.com\/share\/buttons\/lang\/nl\/share-small.png\" style=\"border:0px; padding-top: 5px; float:left;\" alt=\"Share Button\"\/><\/a><script type=\"text\/javascript\">var hupso_services_t=new Array(\"Twitter\",\"Facebook\",\"Google Plus\",\"Linkedin\",\"Email\");var hupso_background_t=\"#EAF4FF\";var hupso_border_t=\"#66CCFF\";var hupso_toolbar_size_t=\"small\";var hupso_image_folder_url = \"\";var hupso_twitter_via=\"Lazeta_boeken\";var hupso_url_t=\"\";var hupso_title_t=\"Doorlopen\";<\/script><script type=\"text\/javascript\" src=\"https:\/\/static.hupso.com\/share\/js\/share_toolbar.js\"><\/script><!-- Hupso Share Buttons --><\/div>","protected":false},"excerpt":{"rendered":"<p><strong>Indringende roman<\/strong> | Syri\u00eb, heden.<br \/>\nSal\u00ecm verzamelt boeken uit door bombardementen verwoeste huizen in Aleppo. Tot hij met zijn vader de stad ontvlucht met de hulp van mensensmokkelaars. Het wordt een tocht vol ontberingen en bedrog.<\/p>\n<p>Fatma is gelukkig in Damascus, ook al is haar vader streng en haar broer veranderd. Dan verhuizen ze naar Raqqa, gaat ze naar de Koranschool en komen er geweren in huis. En Fatma krijgt een fatale opdracht.<\/p>\n","protected":false},"featured_media":1812,"template":"","meta":{"_monsterinsights_skip_tracking":false,"_monsterinsights_sitenote_active":false,"_monsterinsights_sitenote_note":"","_monsterinsights_sitenote_category":0},"product_brand":[],"product_cat":[97],"product_tag":[120,92,100,123,121,122],"class_list":{"0":"post-1865","1":"product","2":"type-product","3":"status-publish","4":"has-post-thumbnail","6":"product_cat-roman","7":"product_tag-inclusieve-boeken","8":"product_tag-jeugdboek","9":"product_tag-jeugdroman","10":"product_tag-poesie","11":"product_tag-syrie","12":"product_tag-vluchtelingen","14":"first","15":"instock","16":"taxable","17":"shipping-taxable","18":"purchasable","19":"product-type-simple"},"yoast_head":"<!-- This site is optimized with the Yoast SEO plugin v27.4 - https:\/\/yoast.com\/product\/yoast-seo-wordpress\/ -->\n<title>Doorlopen - La zeta<\/title>\n<meta name=\"description\" content=\"Syri\u00eb: twee tieners op weg door de woestijn, naar de grens. De \u00e9\u00e9n met hoop op een andere toekomst, de ander met de opdracht te verwoesten. Doorlopen - Gabriele Clima\" \/>\n<meta name=\"robots\" content=\"index, follow, max-snippet:-1, max-image-preview:large, max-video-preview:-1\" \/>\n<link rel=\"canonical\" href=\"https:\/\/lazeta.textalia.eu\/index.php\/product\/doorlopen\/\" \/>\n<meta property=\"og:locale\" content=\"nl_NL\" \/>\n<meta property=\"og:type\" content=\"article\" \/>\n<meta property=\"og:title\" content=\"Doorlopen - La zeta\" \/>\n<meta property=\"og:description\" content=\"Syri\u00eb: twee tieners op weg door de woestijn, naar de grens. De \u00e9\u00e9n met hoop op een andere toekomst, de ander met de opdracht te verwoesten. Doorlopen - Gabriele Clima\" \/>\n<meta property=\"og:url\" content=\"https:\/\/lazeta.textalia.eu\/index.php\/product\/doorlopen\/\" \/>\n<meta property=\"og:site_name\" content=\"La zeta\" \/>\n<meta property=\"article:publisher\" content=\"https:\/\/www.facebook.com\/Lazeta.nl\/\" \/>\n<meta property=\"article:modified_time\" content=\"2022-12-07T15:02:21+00:00\" \/>\n<meta property=\"og:image\" content=\"https:\/\/lazeta.textalia.eu\/wp-content\/uploads\/2022\/05\/doorlopen_cover_02a_v2-677x1024.png\" \/>\n\t<meta property=\"og:image:width\" content=\"677\" \/>\n\t<meta property=\"og:image:height\" content=\"1024\" \/>\n\t<meta property=\"og:image:type\" content=\"image\/png\" \/>\n<meta name=\"twitter:label1\" content=\"Geschatte leestijd\" \/>\n\t<meta name=\"twitter:data1\" content=\"1 minuut\" \/>\n<script type=\"application\/ld+json\" class=\"yoast-schema-graph\">{\"@context\":\"https:\\\/\\\/schema.org\",\"@graph\":[{\"@type\":\"WebPage\",\"@id\":\"https:\\\/\\\/lazeta.textalia.eu\\\/index.php\\\/product\\\/doorlopen\\\/\",\"url\":\"https:\\\/\\\/lazeta.textalia.eu\\\/index.php\\\/product\\\/doorlopen\\\/\",\"name\":\"Doorlopen - La zeta\",\"isPartOf\":{\"@id\":\"https:\\\/\\\/lazeta.textalia.eu\\\/#website\"},\"primaryImageOfPage\":{\"@id\":\"https:\\\/\\\/lazeta.textalia.eu\\\/index.php\\\/product\\\/doorlopen\\\/#primaryimage\"},\"image\":{\"@id\":\"https:\\\/\\\/lazeta.textalia.eu\\\/index.php\\\/product\\\/doorlopen\\\/#primaryimage\"},\"thumbnailUrl\":\"https:\\\/\\\/lazeta.textalia.eu\\\/wp-content\\\/uploads\\\/2022\\\/05\\\/doorlopen_cover_02a_v2.png\",\"datePublished\":\"2022-12-07T14:53:35+00:00\",\"dateModified\":\"2022-12-07T15:02:21+00:00\",\"description\":\"Syri\u00eb: twee tieners op weg door de woestijn, naar de grens. De \u00e9\u00e9n met hoop op een andere toekomst, de ander met de opdracht te verwoesten. Doorlopen - Gabriele Clima\",\"breadcrumb\":{\"@id\":\"https:\\\/\\\/lazeta.textalia.eu\\\/index.php\\\/product\\\/doorlopen\\\/#breadcrumb\"},\"inLanguage\":\"nl-NL\",\"potentialAction\":[{\"@type\":\"ReadAction\",\"target\":[\"https:\\\/\\\/lazeta.textalia.eu\\\/index.php\\\/product\\\/doorlopen\\\/\"]}]},{\"@type\":\"ImageObject\",\"inLanguage\":\"nl-NL\",\"@id\":\"https:\\\/\\\/lazeta.textalia.eu\\\/index.php\\\/product\\\/doorlopen\\\/#primaryimage\",\"url\":\"https:\\\/\\\/lazeta.textalia.eu\\\/wp-content\\\/uploads\\\/2022\\\/05\\\/doorlopen_cover_02a_v2.png\",\"contentUrl\":\"https:\\\/\\\/lazeta.textalia.eu\\\/wp-content\\\/uploads\\\/2022\\\/05\\\/doorlopen_cover_02a_v2.png\",\"width\":1687,\"height\":2551,\"caption\":\"Cover Doorlopen\"},{\"@type\":\"BreadcrumbList\",\"@id\":\"https:\\\/\\\/lazeta.textalia.eu\\\/index.php\\\/product\\\/doorlopen\\\/#breadcrumb\",\"itemListElement\":[{\"@type\":\"ListItem\",\"position\":1,\"name\":\"Home\",\"item\":\"https:\\\/\\\/lazeta.textalia.eu\\\/\"},{\"@type\":\"ListItem\",\"position\":2,\"name\":\"Shop\",\"item\":\"https:\\\/\\\/lazeta.textalia.eu\\\/index.php\\\/shop\\\/\"},{\"@type\":\"ListItem\",\"position\":3,\"name\":\"Doorlopen\"}]},{\"@type\":\"WebSite\",\"@id\":\"https:\\\/\\\/lazeta.textalia.eu\\\/#website\",\"url\":\"https:\\\/\\\/lazeta.textalia.eu\\\/\",\"name\":\"La zeta Kinderboeken\",\"description\":\"Uitgeverij van kinder- en jeugdboeken\",\"publisher\":{\"@id\":\"https:\\\/\\\/lazeta.textalia.eu\\\/#organization\"},\"potentialAction\":[{\"@type\":\"SearchAction\",\"target\":{\"@type\":\"EntryPoint\",\"urlTemplate\":\"https:\\\/\\\/lazeta.textalia.eu\\\/?s={search_term_string}\"},\"query-input\":{\"@type\":\"PropertyValueSpecification\",\"valueRequired\":true,\"valueName\":\"search_term_string\"}}],\"inLanguage\":\"nl-NL\"},{\"@type\":\"Organization\",\"@id\":\"https:\\\/\\\/lazeta.textalia.eu\\\/#organization\",\"name\":\"La zeta\",\"url\":\"https:\\\/\\\/lazeta.textalia.eu\\\/\",\"logo\":{\"@type\":\"ImageObject\",\"inLanguage\":\"nl-NL\",\"@id\":\"https:\\\/\\\/lazeta.textalia.eu\\\/#\\\/schema\\\/logo\\\/image\\\/\",\"url\":\"https:\\\/\\\/lazeta.textalia.eu\\\/wp-content\\\/uploads\\\/2020\\\/05\\\/lazeta_logo_blauw_klein1.png\",\"contentUrl\":\"https:\\\/\\\/lazeta.textalia.eu\\\/wp-content\\\/uploads\\\/2020\\\/05\\\/lazeta_logo_blauw_klein1.png\",\"width\":300,\"height\":88,\"caption\":\"La zeta\"},\"image\":{\"@id\":\"https:\\\/\\\/lazeta.textalia.eu\\\/#\\\/schema\\\/logo\\\/image\\\/\"},\"sameAs\":[\"https:\\\/\\\/www.facebook.com\\\/Lazeta.nl\\\/\",\"https:\\\/\\\/x.com\\\/Lazeta_boeken\",\"https:\\\/\\\/www.instagram.com\\\/lazeta_boeken\",\"https:\\\/\\\/www.youtube.com\\\/channel\\\/UCNDMxXwdIRvKHYth4YBVMvg\"]}]}<\/script>\n<!-- \/ Yoast SEO plugin. -->","yoast_head_json":{"title":"Doorlopen - La zeta","description":"Syri\u00eb: twee tieners op weg door de woestijn, naar de grens. De \u00e9\u00e9n met hoop op een andere toekomst, de ander met de opdracht te verwoesten. Doorlopen - Gabriele Clima","robots":{"index":"index","follow":"follow","max-snippet":"max-snippet:-1","max-image-preview":"max-image-preview:large","max-video-preview":"max-video-preview:-1"},"canonical":"https:\/\/lazeta.textalia.eu\/index.php\/product\/doorlopen\/","og_locale":"nl_NL","og_type":"article","og_title":"Doorlopen - La zeta","og_description":"Syri\u00eb: twee tieners op weg door de woestijn, naar de grens. De \u00e9\u00e9n met hoop op een andere toekomst, de ander met de opdracht te verwoesten. Doorlopen - Gabriele Clima","og_url":"https:\/\/lazeta.textalia.eu\/index.php\/product\/doorlopen\/","og_site_name":"La zeta","article_publisher":"https:\/\/www.facebook.com\/Lazeta.nl\/","article_modified_time":"2022-12-07T15:02:21+00:00","og_image":[{"width":677,"height":1024,"url":"https:\/\/lazeta.textalia.eu\/wp-content\/uploads\/2022\/05\/doorlopen_cover_02a_v2-677x1024.png","type":"image\/png"}],"twitter_misc":{"Geschatte leestijd":"1 minuut"},"schema":{"@context":"https:\/\/schema.org","@graph":[{"@type":"WebPage","@id":"https:\/\/lazeta.textalia.eu\/index.php\/product\/doorlopen\/","url":"https:\/\/lazeta.textalia.eu\/index.php\/product\/doorlopen\/","name":"Doorlopen - La zeta","isPartOf":{"@id":"https:\/\/lazeta.textalia.eu\/#website"},"primaryImageOfPage":{"@id":"https:\/\/lazeta.textalia.eu\/index.php\/product\/doorlopen\/#primaryimage"},"image":{"@id":"https:\/\/lazeta.textalia.eu\/index.php\/product\/doorlopen\/#primaryimage"},"thumbnailUrl":"https:\/\/lazeta.textalia.eu\/wp-content\/uploads\/2022\/05\/doorlopen_cover_02a_v2.png","datePublished":"2022-12-07T14:53:35+00:00","dateModified":"2022-12-07T15:02:21+00:00","description":"Syri\u00eb: twee tieners op weg door de woestijn, naar de grens. De \u00e9\u00e9n met hoop op een andere toekomst, de ander met de opdracht te verwoesten. Doorlopen - Gabriele Clima","breadcrumb":{"@id":"https:\/\/lazeta.textalia.eu\/index.php\/product\/doorlopen\/#breadcrumb"},"inLanguage":"nl-NL","potentialAction":[{"@type":"ReadAction","target":["https:\/\/lazeta.textalia.eu\/index.php\/product\/doorlopen\/"]}]},{"@type":"ImageObject","inLanguage":"nl-NL","@id":"https:\/\/lazeta.textalia.eu\/index.php\/product\/doorlopen\/#primaryimage","url":"https:\/\/lazeta.textalia.eu\/wp-content\/uploads\/2022\/05\/doorlopen_cover_02a_v2.png","contentUrl":"https:\/\/lazeta.textalia.eu\/wp-content\/uploads\/2022\/05\/doorlopen_cover_02a_v2.png","width":1687,"height":2551,"caption":"Cover Doorlopen"},{"@type":"BreadcrumbList","@id":"https:\/\/lazeta.textalia.eu\/index.php\/product\/doorlopen\/#breadcrumb","itemListElement":[{"@type":"ListItem","position":1,"name":"Home","item":"https:\/\/lazeta.textalia.eu\/"},{"@type":"ListItem","position":2,"name":"Shop","item":"https:\/\/lazeta.textalia.eu\/index.php\/shop\/"},{"@type":"ListItem","position":3,"name":"Doorlopen"}]},{"@type":"WebSite","@id":"https:\/\/lazeta.textalia.eu\/#website","url":"https:\/\/lazeta.textalia.eu\/","name":"La zeta Kinderboeken","description":"Uitgeverij van kinder- en jeugdboeken","publisher":{"@id":"https:\/\/lazeta.textalia.eu\/#organization"},"potentialAction":[{"@type":"SearchAction","target":{"@type":"EntryPoint","urlTemplate":"https:\/\/lazeta.textalia.eu\/?s={search_term_string}"},"query-input":{"@type":"PropertyValueSpecification","valueRequired":true,"valueName":"search_term_string"}}],"inLanguage":"nl-NL"},{"@type":"Organization","@id":"https:\/\/lazeta.textalia.eu\/#organization","name":"La zeta","url":"https:\/\/lazeta.textalia.eu\/","logo":{"@type":"ImageObject","inLanguage":"nl-NL","@id":"https:\/\/lazeta.textalia.eu\/#\/schema\/logo\/image\/","url":"https:\/\/lazeta.textalia.eu\/wp-content\/uploads\/2020\/05\/lazeta_logo_blauw_klein1.png","contentUrl":"https:\/\/lazeta.textalia.eu\/wp-content\/uploads\/2020\/05\/lazeta_logo_blauw_klein1.png","width":300,"height":88,"caption":"La zeta"},"image":{"@id":"https:\/\/lazeta.textalia.eu\/#\/schema\/logo\/image\/"},"sameAs":["https:\/\/www.facebook.com\/Lazeta.nl\/","https:\/\/x.com\/Lazeta_boeken","https:\/\/www.instagram.com\/lazeta_boeken","https:\/\/www.youtube.com\/channel\/UCNDMxXwdIRvKHYth4YBVMvg"]}]}},"jetpack_sharing_enabled":true,"_links":{"self":[{"href":"https:\/\/lazeta.textalia.eu\/index.php\/wp-json\/wp\/v2\/product\/1865","targetHints":{"allow":["GET"]}}],"collection":[{"href":"https:\/\/lazeta.textalia.eu\/index.php\/wp-json\/wp\/v2\/product"}],"about":[{"href":"https:\/\/lazeta.textalia.eu\/index.php\/wp-json\/wp\/v2\/types\/product"}],"wp:featuredmedia":[{"embeddable":true,"href":"https:\/\/lazeta.textalia.eu\/index.php\/wp-json\/wp\/v2\/media\/1812"}],"wp:attachment":[{"href":"https:\/\/lazeta.textalia.eu\/index.php\/wp-json\/wp\/v2\/media?parent=1865"}],"wp:term":[{"taxonomy":"product_brand","embeddable":true,"href":"https:\/\/lazeta.textalia.eu\/index.php\/wp-json\/wp\/v2\/product_brand?post=1865"},{"taxonomy":"product_cat","embeddable":true,"href":"https:\/\/lazeta.textalia.eu\/index.php\/wp-json\/wp\/v2\/product_cat?post=1865"},{"taxonomy":"product_tag","embeddable":true,"href":"https:\/\/lazeta.textalia.eu\/index.php\/wp-json\/wp\/v2\/product_tag?post=1865"}],"curies":[{"name":"wp","href":"https:\/\/api.w.org\/{rel}","templated":true}]}}